{"id":3659,"date":"2023-01-11T13:35:07","date_gmt":"2023-01-11T16:35:07","guid":{"rendered":"https:\/\/solutionsistemasbr.com\/asem\/"},"modified":"2023-11-27T11:22:11","modified_gmt":"2023-11-27T14:22:11","slug":"asem","status":"publish","type":"page","link":"https:\/\/solutionsistemasbr.com\/en\/asem\/","title":{"rendered":"ASEM"},"content":{"rendered":"\t\t<div data-elementor-type=\"wp-page\" data-elementor-id=\"3659\" class=\"elementor elementor-3659\">\n\t\t\t\t\t\t\t<div class=\"elementor-element elementor-element-2d31445 e-flex e-con-boxed e-con e-parent\" data-id=\"2d31445\" data-element_type=\"container\" data-settings=\"{&quot;background_background&quot;:&quot;classic&quot;,&quot;content_width&quot;:&quot;boxed&quot;}\" data-e-bg-lazyload=\"\" data-core-v316-plus=\"true\">\n\t\t\t\t\t<div class=\"e-con-inner\">\n\t\t<div class=\"elementor-element elementor-element-778fa0c e-flex e-con-boxed e-con e-parent\" data-id=\"778fa0c\" data-element_type=\"container\" data-settings=\"{&quot;content_width&quot;:&quot;boxed&quot;}\" data-core-v316-plus=\"true\">\n\t\t\t\t\t<div class=\"e-con-inner\">\n\t\t\t\t<div class=\"elementor-element elementor-element-6c01ce6 elementor-widget elementor-widget-theme-post-title elementor-page-title elementor-widget-heading\" data-id=\"6c01ce6\" data-element_type=\"widget\" data-widget_type=\"theme-post-title.default\">\n\t\t\t\t<div class=\"elementor-widget-container\">\n\t\t\t<style>\/*! elementor - v3.17.0 - 08-11-2023 *\/\n.elementor-heading-title{padding:0;margin:0;line-height:1}.elementor-widget-heading .elementor-heading-title[class*=elementor-size-]>a{color:inherit;font-size:inherit;line-height:inherit}.elementor-widget-heading .elementor-heading-title.elementor-size-small{font-size:15px}.elementor-widget-heading .elementor-heading-title.elementor-size-medium{font-size:19px}.elementor-widget-heading .elementor-heading-title.elementor-size-large{font-size:29px}.elementor-widget-heading .elementor-heading-title.elementor-size-xl{font-size:39px}.elementor-widget-heading .elementor-heading-title.elementor-size-xxl{font-size:59px}<\/style><h1 class=\"elementor-heading-title elementor-size-default\">ASEM<\/h1>\t\t<\/div>\n\t\t\t\t<\/div>\n\t\t\t\t<div class=\"elementor-element elementor-element-c4ce71b elementor-widget elementor-widget-breadcrumbs\" data-id=\"c4ce71b\" data-element_type=\"widget\" data-widget_type=\"breadcrumbs.default\">\n\t\t\t\t<div class=\"elementor-widget-container\">\n\t\t\t<link rel=\"stylesheet\" href=\"https:\/\/solutionsistemasbr.com\/wp-content\/plugins\/elementor-pro\/assets\/css\/widget-theme-elements.min.css\"><p id=\"breadcrumbs\"><span><span><a href=\"https:\/\/solutionsistemasbr.com\/en\/\">In\u00edcio<\/a><\/span><\/span><\/p>\t\t<\/div>\n\t\t\t\t<\/div>\n\t\t\t\t\t<\/div>\n\t\t\t\t<\/div>\n\t\t\t\t\t<\/div>\n\t\t\t\t<\/div>\n\t\t<div class=\"elementor-element elementor-element-f3f4e8b e-flex e-con-boxed e-con e-parent\" data-id=\"f3f4e8b\" data-element_type=\"container\" data-settings=\"{&quot;content_width&quot;:&quot;boxed&quot;}\" data-core-v316-plus=\"true\">\n\t\t\t\t\t<div class=\"e-con-inner\">\n\t\t<div class=\"elementor-element elementor-element-696eb7e e-flex e-con-boxed e-con e-parent\" data-id=\"696eb7e\" data-element_type=\"container\" data-settings=\"{&quot;content_width&quot;:&quot;boxed&quot;}\" data-core-v316-plus=\"true\">\n\t\t\t\t\t<div class=\"e-con-inner\">\n\t\t\t\t<div class=\"elementor-element elementor-element-9283da1 elementor-vertical-align-top elementor-widget elementor-widget-image-box\" data-id=\"9283da1\" data-element_type=\"widget\" data-widget_type=\"image-box.default\">\n\t\t\t\t<div class=\"elementor-widget-container\">\n\t\t\t<style>\/*! elementor - v3.17.0 - 08-11-2023 *\/\n.elementor-widget-image-box .elementor-image-box-content{width:100%}@media (min-width:768px){.elementor-widget-image-box.elementor-position-left .elementor-image-box-wrapper,.elementor-widget-image-box.elementor-position-right .elementor-image-box-wrapper{display:flex}.elementor-widget-image-box.elementor-position-right .elementor-image-box-wrapper{text-align:right;flex-direction:row-reverse}.elementor-widget-image-box.elementor-position-left .elementor-image-box-wrapper{text-align:left;flex-direction:row}.elementor-widget-image-box.elementor-position-top .elementor-image-box-img{margin:auto}.elementor-widget-image-box.elementor-vertical-align-top .elementor-image-box-wrapper{align-items:flex-start}.elementor-widget-image-box.elementor-vertical-align-middle .elementor-image-box-wrapper{align-items:center}.elementor-widget-image-box.elementor-vertical-align-bottom .elementor-image-box-wrapper{align-items:flex-end}}@media (max-width:767px){.elementor-widget-image-box .elementor-image-box-img{margin-left:auto!important;margin-right:auto!important;margin-bottom:15px}}.elementor-widget-image-box .elementor-image-box-img{display:inline-block}.elementor-widget-image-box .elementor-image-box-title a{color:inherit}.elementor-widget-image-box .elementor-image-box-wrapper{text-align:center}.elementor-widget-image-box .elementor-image-box-description{margin:0}<\/style><div class=\"elementor-image-box-wrapper\"><div class=\"elementor-image-box-content\"><h2 class=\"elementor-image-box-title\">ASEM<\/h2><p class=\"elementor-image-box-description\">Nossas marcas<\/p><\/div><\/div>\t\t<\/div>\n\t\t\t\t<\/div>\n\t\t\t\t\t<\/div>\n\t\t\t\t<\/div>\n\t\t<div class=\"elementor-element elementor-element-2cbb69a e-flex e-con-boxed e-con e-parent\" data-id=\"2cbb69a\" data-element_type=\"container\" data-settings=\"{&quot;content_width&quot;:&quot;boxed&quot;}\" data-core-v316-plus=\"true\">\n\t\t\t\t\t<div class=\"e-con-inner\">\n\t\t<div class=\"elementor-element elementor-element-8038da7 e-flex e-con-boxed e-con e-parent\" data-id=\"8038da7\" data-element_type=\"container\" data-settings=\"{&quot;content_width&quot;:&quot;boxed&quot;}\" data-core-v316-plus=\"true\">\n\t\t\t\t\t<div class=\"e-con-inner\">\n\t\t\t\t<div class=\"elementor-element elementor-element-14e2dd7 elementor-widget elementor-widget-text-editor\" data-id=\"14e2dd7\" data-element_type=\"widget\" data-widget_type=\"text-editor.default\">\n\t\t\t\t<div class=\"elementor-widget-container\">\n\t\t\t<style>\/*! elementor - v3.17.0 - 08-11-2023 *\/\n.elementor-widget-text-editor.elementor-drop-cap-view-stacked .elementor-drop-cap{background-color:#69727d;color:#fff}.elementor-widget-text-editor.elementor-drop-cap-view-framed .elementor-drop-cap{color:#69727d;border:3px solid;background-color:transparent}.elementor-widget-text-editor:not(.elementor-drop-cap-view-default) .elementor-drop-cap{margin-top:8px}.elementor-widget-text-editor:not(.elementor-drop-cap-view-default) .elementor-drop-cap-letter{width:1em;height:1em}.elementor-widget-text-editor .elementor-drop-cap{float:left;text-align:center;line-height:1;font-size:50px}.elementor-widget-text-editor .elementor-drop-cap-letter{display:inline-block}<\/style>\t\t\t\t<p><span style=\"font-weight: 400;\">Fundada em 1979 na cidade de Artegna, It\u00e1lia, a ASEM se destaca globalmente no mercado de automa\u00e7\u00e3o industrial produzindo IPCs, IHMs, PACs, monitores, softwares, gateways IoT e assist\u00eancia remota baseados nas plataformas de hardware x86 e ARM e nas plataformas de software UNIQO, Premium HMI e Ubiquity, propriet\u00e1rias, al\u00e9m de Codesys e Softmotion. <\/span><\/p><p><span style=\"font-weight: 400;\">Com o dom\u00ednio das disciplinas de hardware, software, firmware, mec\u00e2nica e design de sistemas, a ASEM \u00e9 capaz de gerenciar toda a sua cadeia produtiva, incluindo a soldagem e montagem das placas eletr\u00f4nicas, oferecendo, al\u00e9m dos produtos de sua linha, agilidade e flexibilidade em produtos personalizados. <\/span><\/p><p><span style=\"font-weight: 400;\">Atualmente com uma equipe de 250 pessoas em R&amp;D a ASEM \u00e9 uma das \u00fanicas, sen\u00e3o a \u00fanica, empresa europ\u00e9ia de m\u00e9dio porte capazes de desenvolver e dominar todas as tecnologias propulsoras da Ind\u00fastria 4.0. Desde 2020 a ASEM \u00e9 parte do grupo Rockwell Automation ap\u00f3s ser 100% adquirida pela Rockwell Automation S.r.l..<\/span><\/p><p><a href=\"http:\/\/www.asem.it\" target=\"_blank\" rel=\"noopener\"><span style=\"font-weight: 400;\">www.asem.it<\/span><\/a><\/p>\t\t\t\t\t\t<\/div>\n\t\t\t\t<\/div>\n\t\t\t\t\t<\/div>\n\t\t\t\t<\/div>\n\t\t<div class=\"elementor-element elementor-element-611181e e-flex e-con-boxed e-con e-parent\" data-id=\"611181e\" data-element_type=\"container\" data-settings=\"{&quot;content_width&quot;:&quot;boxed&quot;}\" data-core-v316-plus=\"true\">\n\t\t\t\t\t<div class=\"e-con-inner\">\n\t\t\t\t<div class=\"elementor-element elementor-element-24213ca elementor-widget elementor-widget-image\" data-id=\"24213ca\" data-element_type=\"widget\" data-widget_type=\"image.default\">\n\t\t\t\t<div class=\"elementor-widget-container\">\n\t\t\t<style>\/*! elementor - v3.17.0 - 08-11-2023 *\/\n.elementor-widget-image{text-align:center}.elementor-widget-image a{display:inline-block}.elementor-widget-image a img[src$=\".svg\"]{width:48px}.elementor-widget-image img{vertical-align:middle;display:inline-block}<\/style>\t\t\t\t\t\t\t\t\t\t\t\t<img loading=\"lazy\" decoding=\"async\" width=\"606\" height=\"622\" src=\"https:\/\/solutionsistemasbr.com\/wp-content\/uploads\/2023\/01\/img5.png\" class=\"attachment-full size-full wp-image-585\" alt=\"\" srcset=\"https:\/\/solutionsistemasbr.com\/wp-content\/uploads\/2023\/01\/img5.png 606w, https:\/\/solutionsistemasbr.com\/wp-content\/uploads\/2023\/01\/img5-292x300.png 292w\" sizes=\"auto, (max-width: 606px) 100vw, 606px\" \/>\t\t\t\t\t\t\t\t\t\t\t\t\t\t\t<\/div>\n\t\t\t\t<\/div>\n\t\t\t\t\t<\/div>\n\t\t\t\t<\/div>\n\t\t\t\t\t<\/div>\n\t\t\t\t<\/div>\n\t\t\t\t\t<\/div>\n\t\t\t\t<\/div>\n\t\t\t\t\t\t\t<\/div>\n\t\t","protected":false},"excerpt":{"rendered":"<p>ASEM Nossas marcas Fundada em 1979 na cidade de Artegna, It\u00e1lia, a ASEM se destaca globalmente no mercado de automa\u00e7\u00e3o industrial produzindo IPCs, IHMs, PACs, monitores, softwares, gateways IoT e assist\u00eancia remota baseados nas plataformas de hardware x86 e ARM e nas plataformas de software UNIQO, Premium HMI e Ubiquity, propriet\u00e1rias, al\u00e9m de Codesys e &hellip;<\/p>\n<p class=\"read-more\"> <a class=\"\" href=\"https:\/\/solutionsistemasbr.com\/en\/asem\/\"> <span class=\"screen-reader-text\">ASEM<\/span> Read More &raquo;<\/a><\/p>\n","protected":false},"author":2,"featured_media":0,"parent":0,"menu_order":0,"comment_status":"closed","ping_status":"closed","template":"elementor_header_footer","meta":{"site-sidebar-layout":"no-sidebar","site-content-layout":"page-builder","ast-site-content-layout":"full-width-container","site-content-style":"unboxed","site-sidebar-style":"unboxed","ast-global-header-display":"","ast-banner-title-visibility":"","ast-main-header-display":"","ast-hfb-above-header-display":"","ast-hfb-below-header-display":"","ast-hfb-mobile-header-display":"","site-post-title":"disabled","ast-breadcrumbs-content":"","ast-featured-img":"disabled","footer-sml-layout":"","theme-transparent-header-meta":"default","adv-header-id-meta":"","stick-header-meta":"","header-above-stick-meta":"","header-main-stick-meta":"","header-below-stick-meta":"","astra-migrate-meta-layouts":"set","ast-page-background-enabled":"default","ast-page-background-meta":{"desktop":{"background-color":"var(--ast-global-color-4)","background-image":"","background-repeat":"repeat","background-position":"center center","background-size":"auto","background-attachment":"scroll","background-type":"","background-media":"","overlay-type":"","overlay-color":"","overlay-gradient":""},"tablet":{"background-color":"","background-image":"","background-repeat":"repeat","background-position":"center center","background-size":"auto","background-attachment":"scroll","background-type":"","background-media":"","overlay-type":"","overlay-color":"","overlay-gradient":""},"mobile":{"background-color":"","background-image":"","background-repeat":"repeat","background-position":"center center","background-size":"auto","background-attachment":"scroll","background-type":"","background-media":"","overlay-type":"","overlay-color":"","overlay-gradient":""}},"ast-content-background-meta":{"desktop":{"background-color":"var(--ast-global-color-5)","background-image":"","background-repeat":"repeat","background-position":"center center","background-size":"auto","background-attachment":"scroll","background-type":"","background-media":"","overlay-type":"","overlay-color":"","overlay-gradient":""},"tablet":{"background-color":"var(--ast-global-color-5)","background-image":"","background-repeat":"repeat","background-position":"center center","background-size":"auto","background-attachment":"scroll","background-type":"","background-media":"","overlay-type":"","overlay-color":"","overlay-gradient":""},"mobile":{"background-color":"var(--ast-global-color-5)","background-image":"","background-repeat":"repeat","background-position":"center center","background-size":"auto","background-attachment":"scroll","background-type":"","background-media":"","overlay-type":"","overlay-color":"","overlay-gradient":""}},"footnotes":""},"class_list":["post-3659","page","type-page","status-publish","hentry"],"yoast_head":"<!-- This site is optimized with the Yoast SEO plugin v21.5 - https:\/\/yoast.com\/wordpress\/plugins\/seo\/ -->\n<title>ASEM - Solution<\/title>\n<meta name=\"robots\" content=\"index, follow, max-snippet:-1, max-image-preview:large, max-video-preview:-1\" \/>\n<link rel=\"canonical\" href=\"https:\/\/solutionsistemasbr.com\/en\/asem\/\" \/>\n<meta property=\"og:locale\" content=\"en_US\" \/>\n<meta property=\"og:type\" content=\"article\" \/>\n<meta property=\"og:title\" content=\"ASEM - Solution\" \/>\n<meta property=\"og:description\" content=\"ASEM Nossas marcas Fundada em 1979 na cidade de Artegna, It\u00e1lia, a ASEM se destaca globalmente no mercado de automa\u00e7\u00e3o industrial produzindo IPCs, IHMs, PACs, monitores, softwares, gateways IoT e assist\u00eancia remota baseados nas plataformas de hardware x86 e ARM e nas plataformas de software UNIQO, Premium HMI e Ubiquity, propriet\u00e1rias, al\u00e9m de Codesys e &hellip; ASEM Read More &raquo;\" \/>\n<meta property=\"og:url\" content=\"https:\/\/solutionsistemasbr.com\/en\/asem\/\" \/>\n<meta property=\"og:site_name\" content=\"Solution\" \/>\n<meta property=\"article:modified_time\" content=\"2023-11-27T14:22:11+00:00\" \/>\n<meta property=\"og:image\" content=\"https:\/\/solutionsistemasbr.com\/wp-content\/uploads\/2023\/01\/img5.png\" \/>\n<meta name=\"twitter:card\" content=\"summary_large_image\" \/>\n<meta name=\"twitter:label1\" content=\"Est. reading time\" \/>\n\t<meta name=\"twitter:data1\" content=\"2 minutes\" \/>\n<script type=\"application\/ld+json\" class=\"yoast-schema-graph\">{\"@context\":\"https:\/\/schema.org\",\"@graph\":[{\"@type\":\"WebPage\",\"@id\":\"https:\/\/solutionsistemasbr.com\/en\/asem\/\",\"url\":\"https:\/\/solutionsistemasbr.com\/en\/asem\/\",\"name\":\"ASEM - Solution\",\"isPartOf\":{\"@id\":\"https:\/\/solutionsistemasbr.com\/#website\"},\"datePublished\":\"2023-01-11T16:35:07+00:00\",\"dateModified\":\"2023-11-27T14:22:11+00:00\",\"breadcrumb\":{\"@id\":\"https:\/\/solutionsistemasbr.com\/en\/asem\/#breadcrumb\"},\"inLanguage\":\"en-US\",\"potentialAction\":[{\"@type\":\"ReadAction\",\"target\":[\"https:\/\/solutionsistemasbr.com\/en\/asem\/\"]}]},{\"@type\":\"BreadcrumbList\",\"@id\":\"https:\/\/solutionsistemasbr.com\/en\/asem\/#breadcrumb\",\"itemListElement\":[{\"@type\":\"ListItem\",\"position\":1,\"name\":\"In\u00edcio\",\"item\":\"https:\/\/solutionsistemasbr.com\/en\/\"},{\"@type\":\"ListItem\",\"position\":2,\"name\":\"ASEM\"}]},{\"@type\":\"WebSite\",\"@id\":\"https:\/\/solutionsistemasbr.com\/#website\",\"url\":\"https:\/\/solutionsistemasbr.com\/\",\"name\":\"Solution\",\"description\":\"\",\"publisher\":{\"@id\":\"https:\/\/solutionsistemasbr.com\/#organization\"},\"potentialAction\":[{\"@type\":\"SearchAction\",\"target\":{\"@type\":\"EntryPoint\",\"urlTemplate\":\"https:\/\/solutionsistemasbr.com\/?s={search_term_string}\"},\"query-input\":\"required name=search_term_string\"}],\"inLanguage\":\"en-US\"},{\"@type\":\"Organization\",\"@id\":\"https:\/\/solutionsistemasbr.com\/#organization\",\"name\":\"Solution Sistemas\",\"url\":\"https:\/\/solutionsistemasbr.com\/\",\"logo\":{\"@type\":\"ImageObject\",\"inLanguage\":\"en-US\",\"@id\":\"https:\/\/solutionsistemasbr.com\/#\/schema\/logo\/image\/\",\"url\":\"https:\/\/solutionsistemasbr.com\/wp-content\/uploads\/2022\/12\/logo-solution.png\",\"contentUrl\":\"https:\/\/solutionsistemasbr.com\/wp-content\/uploads\/2022\/12\/logo-solution.png\",\"width\":155,\"height\":63,\"caption\":\"Solution Sistemas\"},\"image\":{\"@id\":\"https:\/\/solutionsistemasbr.com\/#\/schema\/logo\/image\/\"}}]}<\/script>\n<!-- \/ Yoast SEO plugin. -->","yoast_head_json":{"title":"ASEM - Solution","robots":{"index":"index","follow":"follow","max-snippet":"max-snippet:-1","max-image-preview":"max-image-preview:large","max-video-preview":"max-video-preview:-1"},"canonical":"https:\/\/solutionsistemasbr.com\/en\/asem\/","og_locale":"en_US","og_type":"article","og_title":"ASEM - Solution","og_description":"ASEM Nossas marcas Fundada em 1979 na cidade de Artegna, It\u00e1lia, a ASEM se destaca globalmente no mercado de automa\u00e7\u00e3o industrial produzindo IPCs, IHMs, PACs, monitores, softwares, gateways IoT e assist\u00eancia remota baseados nas plataformas de hardware x86 e ARM e nas plataformas de software UNIQO, Premium HMI e Ubiquity, propriet\u00e1rias, al\u00e9m de Codesys e &hellip; ASEM Read More &raquo;","og_url":"https:\/\/solutionsistemasbr.com\/en\/asem\/","og_site_name":"Solution","article_modified_time":"2023-11-27T14:22:11+00:00","og_image":[{"url":"https:\/\/solutionsistemasbr.com\/wp-content\/uploads\/2023\/01\/img5.png"}],"twitter_card":"summary_large_image","twitter_misc":{"Est. reading time":"2 minutes"},"schema":{"@context":"https:\/\/schema.org","@graph":[{"@type":"WebPage","@id":"https:\/\/solutionsistemasbr.com\/en\/asem\/","url":"https:\/\/solutionsistemasbr.com\/en\/asem\/","name":"ASEM - Solution","isPartOf":{"@id":"https:\/\/solutionsistemasbr.com\/#website"},"datePublished":"2023-01-11T16:35:07+00:00","dateModified":"2023-11-27T14:22:11+00:00","breadcrumb":{"@id":"https:\/\/solutionsistemasbr.com\/en\/asem\/#breadcrumb"},"inLanguage":"en-US","potentialAction":[{"@type":"ReadAction","target":["https:\/\/solutionsistemasbr.com\/en\/asem\/"]}]},{"@type":"BreadcrumbList","@id":"https:\/\/solutionsistemasbr.com\/en\/asem\/#breadcrumb","itemListElement":[{"@type":"ListItem","position":1,"name":"In\u00edcio","item":"https:\/\/solutionsistemasbr.com\/en\/"},{"@type":"ListItem","position":2,"name":"ASEM"}]},{"@type":"WebSite","@id":"https:\/\/solutionsistemasbr.com\/#website","url":"https:\/\/solutionsistemasbr.com\/","name":"Solution","description":"","publisher":{"@id":"https:\/\/solutionsistemasbr.com\/#organization"},"potentialAction":[{"@type":"SearchAction","target":{"@type":"EntryPoint","urlTemplate":"https:\/\/solutionsistemasbr.com\/?s={search_term_string}"},"query-input":"required name=search_term_string"}],"inLanguage":"en-US"},{"@type":"Organization","@id":"https:\/\/solutionsistemasbr.com\/#organization","name":"Solution Sistemas","url":"https:\/\/solutionsistemasbr.com\/","logo":{"@type":"ImageObject","inLanguage":"en-US","@id":"https:\/\/solutionsistemasbr.com\/#\/schema\/logo\/image\/","url":"https:\/\/solutionsistemasbr.com\/wp-content\/uploads\/2022\/12\/logo-solution.png","contentUrl":"https:\/\/solutionsistemasbr.com\/wp-content\/uploads\/2022\/12\/logo-solution.png","width":155,"height":63,"caption":"Solution Sistemas"},"image":{"@id":"https:\/\/solutionsistemasbr.com\/#\/schema\/logo\/image\/"}}]}},"_links":{"self":[{"href":"https:\/\/solutionsistemasbr.com\/en\/wp-json\/wp\/v2\/pages\/3659","targetHints":{"allow":["GET"]}}],"collection":[{"href":"https:\/\/solutionsistemasbr.com\/en\/wp-json\/wp\/v2\/pages"}],"about":[{"href":"https:\/\/solutionsistemasbr.com\/en\/wp-json\/wp\/v2\/types\/page"}],"author":[{"embeddable":true,"href":"https:\/\/solutionsistemasbr.com\/en\/wp-json\/wp\/v2\/users\/2"}],"replies":[{"embeddable":true,"href":"https:\/\/solutionsistemasbr.com\/en\/wp-json\/wp\/v2\/comments?post=3659"}],"version-history":[{"count":1,"href":"https:\/\/solutionsistemasbr.com\/en\/wp-json\/wp\/v2\/pages\/3659\/revisions"}],"predecessor-version":[{"id":3661,"href":"https:\/\/solutionsistemasbr.com\/en\/wp-json\/wp\/v2\/pages\/3659\/revisions\/3661"}],"wp:attachment":[{"href":"https:\/\/solutionsistemasbr.com\/en\/wp-json\/wp\/v2\/media?parent=3659"}],"curies":[{"name":"wp","href":"https:\/\/api.w.org\/{rel}","templated":true}]}}